{"id":18,"date":"2018-09-03T16:54:46","date_gmt":"2018-09-03T16:54:46","guid":{"rendered":"http:\/\/handpresse.net\/?page_id=18"},"modified":"2020-04-13T22:48:18","modified_gmt":"2020-04-13T22:48:18","slug":"buchdruck-und-letterpress","status":"publish","type":"page","link":"https:\/\/handpresse.net\/","title":{"rendered":"Buchdruck und Letterpress"},"content":{"rendered":"\n\n\n<p>Bleisatz und Holzlettern im Einsatz &#8211; Handwerk mit viel liebe zum Detail. Den Duft von Druckfarbe in der Nase, wei\u00dfe Papierb\u00f6gen in der Hand und das Ergebnis &#8211; jedes St\u00fcck ein Unikat.<\/p>\n\n\n\n<figure class=\"wp-block-gallery columns-3 is-cropped\"><ul class=\"blocks-gallery-grid\"><li class=\"blocks-gallery-item\"><figure><img loading=\"lazy\" width=\"768\" height=\"1024\" src=\"http:\/\/handpresse.net\/wp-content\/uploads\/2020\/04\/IMG_1400-768x1024.jpg\" alt=\"\" data-id=\"54\" data-full-url=\"http:\/\/handpresse.net\/wp-content\/uploads\/2020\/04\/IMG_1400-scaled.jpg\" data-link=\"http:\/\/handpresse.net\/?attachment_id=54\" class=\"wp-image-54\" srcset=\"https:\/\/handpresse.net\/wp-content\/uploads\/2020\/04\/IMG_1400-768x1024.jpg 768w, https:\/\/handpresse.net\/wp-content\/uploads\/2020\/04\/IMG_1400-225x300.jpg 225w, https:\/\/handpresse.net\/wp-content\/uploads\/2020\/04\/IMG_1400-1152x1536.jpg 1152w, https:\/\/handpresse.net\/wp-content\/uploads\/2020\/04\/IMG_1400-1536x2048.jpg 1536w, https:\/\/handpresse.net\/wp-content\/uploads\/2020\/04\/IMG_1400-scaled.jpg 1920w\" sizes=\"(max-width: 768px) 100vw, 768px\" \/><\/figure><\/li><li class=\"blocks-gallery-item\"><figure><img src=\"http:\/\/handpresse.net\/wp-content\/uploads\/2020\/04\/IMG_1403-768x1024.jpg\" alt=\"\" data-id=\"57\" data-full-url=\"http:\/\/handpresse.net\/wp-content\/uploads\/2020\/04\/IMG_1403-scaled.jpg\" data-link=\"http:\/\/handpresse.net\/?attachment_id=57\" class=\"wp-image-57\"\/><\/figure><\/li><li class=\"blocks-gallery-item\"><figure><img loading=\"lazy\" width=\"768\" height=\"1024\" src=\"http:\/\/handpresse.net\/wp-content\/uploads\/2020\/04\/IMG_1404-768x1024.jpg\" alt=\"\" data-id=\"58\" data-full-url=\"http:\/\/handpresse.net\/wp-content\/uploads\/2020\/04\/IMG_1404-scaled.jpg\" data-link=\"http:\/\/handpresse.net\/?attachment_id=58\" class=\"wp-image-58\" srcset=\"https:\/\/handpresse.net\/wp-content\/uploads\/2020\/04\/IMG_1404-768x1024.jpg 768w, https:\/\/handpresse.net\/wp-content\/uploads\/2020\/04\/IMG_1404-225x300.jpg 225w, https:\/\/handpresse.net\/wp-content\/uploads\/2020\/04\/IMG_1404-1152x1536.jpg 1152w, https:\/\/handpresse.net\/wp-content\/uploads\/2020\/04\/IMG_1404-1536x2048.jpg 1536w, https:\/\/handpresse.net\/wp-content\/uploads\/2020\/04\/IMG_1404-scaled.jpg 1920w\" sizes=\"(max-width: 768px) 100vw, 768px\" \/><\/figure><\/li><\/ul><\/figure>\n","protected":false},"excerpt":{"rendered":"<p>Bleisatz und Holzlettern im Einsatz &#8211; Handwerk mit viel liebe zum Detail. Den Duft von Druckfarbe in der Nase, wei\u00dfe Papierb\u00f6gen in der Hand und das Ergebnis &#8211; jedes St\u00fcck ein Unikat.<\/p>\n","protected":false},"author":1,"featured_media":0,"parent":0,"menu_order":0,"comment_status":"closed","ping_status":"closed","template":"templates\/full-width-page.php","meta":[],"_links":{"self":[{"href":"https:\/\/handpresse.net\/index.php?rest_route=\/wp\/v2\/pages\/18"}],"collection":[{"href":"https:\/\/handpresse.net\/index.php?rest_route=\/wp\/v2\/pages"}],"about":[{"href":"https:\/\/handpresse.net\/index.php?rest_route=\/wp\/v2\/types\/page"}],"author":[{"embeddable":true,"href":"https:\/\/handpresse.net\/index.php?rest_route=\/wp\/v2\/users\/1"}],"replies":[{"embeddable":true,"href":"https:\/\/handpresse.net\/index.php?rest_route=%2Fwp%2Fv2%2Fcomments&post=18"}],"version-history":[{"count":5,"href":"https:\/\/handpresse.net\/index.php?rest_route=\/wp\/v2\/pages\/18\/revisions"}],"predecessor-version":[{"id":72,"href":"https:\/\/handpresse.net\/index.php?rest_route=\/wp\/v2\/pages\/18\/revisions\/72"}],"wp:attachment":[{"href":"https:\/\/handpresse.net\/index.php?rest_route=%2Fwp%2Fv2%2Fmedia&parent=18"}],"curies":[{"name":"wp","href":"https:\/\/api.w.org\/{rel}","templated":true}]}}